{"id":12429,"date":"2023-01-16T15:02:40","date_gmt":"2023-01-16T14:02:40","guid":{"rendered":"https:\/\/www.doitsmart.hu\/?post_type=product&#038;p=12429"},"modified":"2025-11-04T18:40:06","modified_gmt":"2025-11-04T17:40:06","slug":"uvegszalas-muanyag-tengelykapcsolo-5mm-8mm-3d-nyomtatohoz","status":"publish","type":"product","link":"https:\/\/www.doitsmart.hu\/index.php\/termek\/uvegszalas-muanyag-tengelykapcsolo-5mm-8mm-3d-nyomtatohoz\/","title":{"rendered":"\u00dcvegsz\u00e1las m\u0171anyag tengelykapcsol\u00f3 5mm\/8mm 3D nyomtat\u00f3hoz"},"content":{"rendered":"<p>3D nyomtat\u00f3kban, CNC g\u00e9pekben, grav\u00edroz\u00f3k mechanik\u00e1j\u00e1ban a l\u00e9ptet\u0151motor mozg\u00e1s\u00e1b\u00f3l ered\u0151 vibr\u00e1ci\u00f3t hivatott cs\u00f6kkenteni.<\/p>\n<p>Az alum\u00ednium helik\u00e1lis t\u00e1rs\u00e1hoz k\u00e9pest valamivel er\u0151sebb, megb\u00edzhat\u00f3bb szerkezet, viszont gyorsabban \u00f6regszik.<\/p>\n<ul>\n<li>\u00c1tm\u00e9r\u0151je: 19mm<\/li>\n<li>Hossza: 25mm<\/li>\n<li>Anyaga: \u00fcvegsz\u00e1l er\u0151s\u00edt\u00e9s\u0171 m\u0171anyag<\/li>\n<\/ul>\n","protected":false},"excerpt":{"rendered":"<p>3D nyomtat\u00f3kban, CNC g\u00e9pekben, grav\u00edroz\u00f3k mechanik\u00e1j\u00e1ban a l\u00e9ptet\u0151motor mozg\u00e1s\u00e1b\u00f3l ered\u0151 vibr\u00e1ci\u00f3t hivatott cs\u00f6kkenteni. Az alum\u00ednium helik\u00e1lis t\u00e1rs\u00e1hoz k\u00e9pest valamivel er\u0151sebb, megb\u00edzhat\u00f3bb szerkezet, viszont gyorsabban&#46;&#46;&#46;<\/p>\n","protected":false},"featured_media":12431,"comment_status":"open","ping_status":"closed","template":"","meta":{"_acf_changed":false},"product_brand":[],"product_cat":[176],"product_tag":[],"class_list":{"0":"post-12429","1":"product","2":"type-product","3":"status-publish","4":"has-post-thumbnail","6":"product_cat-mozgatas","8":"first","9":"instock","10":"shipping-taxable","11":"product-type-simple"},"supplier_id":null,"supplier_sku":"","barcode":null,"atum_controlled":true,"out_stock_date":null,"out_stock_threshold":null,"inheritable":false,"inbound_stock":0,"stock_on_hold":0,"sold_today":0,"sales_last_days":0,"reserved_stock":null,"customer_returns":null,"warehouse_damage":null,"lost_in_post":null,"other_logs":null,"out_stock_days":0,"lost_sales":0,"has_location":false,"update_date":"2025-11-07T08:18:49","atum_locations":[],"atum_stock_status":"instock","restock_status":false,"low_stock_amount":4,"sales_update_date":"2025-11-07T08:18:49","calc_backorders":null,"acf":[],"yoast_head":"<!-- This site is optimized with the Yoast SEO plugin v27.2 - https:\/\/yoast.com\/product\/yoast-seo-wordpress\/ -->\n<title>\u00dcvegsz\u00e1las m\u0171anyag tengelykapcsol\u00f3 5mm\/8mm 3D nyomtat\u00f3hoz - Do IT Smart Webshop<\/title>\n<meta name=\"description\" content=\"Do IT Smart Webshop\" \/>\n<meta name=\"robots\" content=\"index, follow, max-snippet:-1, max-image-preview:large, max-video-preview:-1\" \/>\n<link rel=\"canonical\" href=\"https:\/\/www.doitsmart.hu\/index.php\/termek\/uvegszalas-muanyag-tengelykapcsolo-5mm-8mm-3d-nyomtatohoz\/\" \/>\n<meta property=\"og:locale\" content=\"hu_HU\" \/>\n<meta property=\"og:type\" content=\"article\" \/>\n<meta property=\"og:title\" content=\"\u00dcvegsz\u00e1las m\u0171anyag tengelykapcsol\u00f3 5mm\/8mm 3D nyomtat\u00f3hoz - Do IT Smart Webshop\" \/>\n<meta property=\"og:description\" content=\"Do IT Smart Webshop\" \/>\n<meta property=\"og:url\" content=\"https:\/\/www.doitsmart.hu\/index.php\/termek\/uvegszalas-muanyag-tengelykapcsolo-5mm-8mm-3d-nyomtatohoz\/\" \/>\n<meta property=\"og:site_name\" content=\"Do IT Smart Webshop\" \/>\n<meta property=\"article:publisher\" content=\"https:\/\/www.facebook.com\/doitsmartwebshop\" \/>\n<meta property=\"article:modified_time\" content=\"2025-11-04T17:40:06+00:00\" \/>\n<meta property=\"og:image\" content=\"https:\/\/www.doitsmart.hu\/wp-content\/uploads\/2023\/01\/Shaft-coupler-plastic-5x8-1.jpg\" \/>\n\t<meta property=\"og:image:width\" content=\"550\" \/>\n\t<meta property=\"og:image:height\" content=\"550\" \/>\n\t<meta property=\"og:image:type\" content=\"image\/jpeg\" \/>\n<meta name=\"twitter:card\" content=\"summary_large_image\" \/>\n<script type=\"application\/ld+json\" class=\"yoast-schema-graph\">{\"@context\":\"https:\/\/schema.org\",\"@graph\":[{\"@type\":\"WebPage\",\"@id\":\"https:\/\/www.doitsmart.hu\/index.php\/termek\/uvegszalas-muanyag-tengelykapcsolo-5mm-8mm-3d-nyomtatohoz\/\",\"url\":\"https:\/\/www.doitsmart.hu\/index.php\/termek\/uvegszalas-muanyag-tengelykapcsolo-5mm-8mm-3d-nyomtatohoz\/\",\"name\":\"\u00dcvegsz\u00e1las m\u0171anyag tengelykapcsol\u00f3 5mm\/8mm 3D nyomtat\u00f3hoz - Do IT Smart Webshop\",\"isPartOf\":{\"@id\":\"https:\/\/www.doitsmart.hu\/#website\"},\"primaryImageOfPage\":{\"@id\":\"https:\/\/www.doitsmart.hu\/index.php\/termek\/uvegszalas-muanyag-tengelykapcsolo-5mm-8mm-3d-nyomtatohoz\/#primaryimage\"},\"image\":{\"@id\":\"https:\/\/www.doitsmart.hu\/index.php\/termek\/uvegszalas-muanyag-tengelykapcsolo-5mm-8mm-3d-nyomtatohoz\/#primaryimage\"},\"thumbnailUrl\":\"https:\/\/www.doitsmart.hu\/wp-content\/uploads\/2023\/01\/Shaft-coupler-plastic-5x8-1.jpg\",\"datePublished\":\"2023-01-16T14:02:40+00:00\",\"dateModified\":\"2025-11-04T17:40:06+00:00\",\"description\":\"Do IT Smart Webshop\",\"breadcrumb\":{\"@id\":\"https:\/\/www.doitsmart.hu\/index.php\/termek\/uvegszalas-muanyag-tengelykapcsolo-5mm-8mm-3d-nyomtatohoz\/#breadcrumb\"},\"inLanguage\":\"hu\",\"potentialAction\":[{\"@type\":\"ReadAction\",\"target\":[\"https:\/\/www.doitsmart.hu\/index.php\/termek\/uvegszalas-muanyag-tengelykapcsolo-5mm-8mm-3d-nyomtatohoz\/\"]}]},{\"@type\":\"ImageObject\",\"inLanguage\":\"hu\",\"@id\":\"https:\/\/www.doitsmart.hu\/index.php\/termek\/uvegszalas-muanyag-tengelykapcsolo-5mm-8mm-3d-nyomtatohoz\/#primaryimage\",\"url\":\"https:\/\/www.doitsmart.hu\/wp-content\/uploads\/2023\/01\/Shaft-coupler-plastic-5x8-1.jpg\",\"contentUrl\":\"https:\/\/www.doitsmart.hu\/wp-content\/uploads\/2023\/01\/Shaft-coupler-plastic-5x8-1.jpg\",\"width\":550,\"height\":550},{\"@type\":\"BreadcrumbList\",\"@id\":\"https:\/\/www.doitsmart.hu\/index.php\/termek\/uvegszalas-muanyag-tengelykapcsolo-5mm-8mm-3d-nyomtatohoz\/#breadcrumb\",\"itemListElement\":[{\"@type\":\"ListItem\",\"position\":1,\"name\":\"Kezd\u0151lap\",\"item\":\"https:\/\/www.doitsmart.hu\/\"},{\"@type\":\"ListItem\",\"position\":2,\"name\":\"Term\u00e9kek\",\"item\":\"https:\/\/www.doitsmart.hu\/\"},{\"@type\":\"ListItem\",\"position\":3,\"name\":\"\u00dcvegsz\u00e1las m\u0171anyag tengelykapcsol\u00f3 5mm\/8mm 3D nyomtat\u00f3hoz\"}]},{\"@type\":\"WebSite\",\"@id\":\"https:\/\/www.doitsmart.hu\/#website\",\"url\":\"https:\/\/www.doitsmart.hu\/\",\"name\":\"Do IT Smart Webshop\",\"description\":\"Csin\u00e1ld okosan - Tedd okoss\u00e1!\",\"publisher\":{\"@id\":\"https:\/\/www.doitsmart.hu\/#organization\"},\"potentialAction\":[{\"@type\":\"SearchAction\",\"target\":{\"@type\":\"EntryPoint\",\"urlTemplate\":\"https:\/\/www.doitsmart.hu\/?s={search_term_string}\"},\"query-input\":{\"@type\":\"PropertyValueSpecification\",\"valueRequired\":true,\"valueName\":\"search_term_string\"}}],\"inLanguage\":\"hu\"},{\"@type\":\"Organization\",\"@id\":\"https:\/\/www.doitsmart.hu\/#organization\",\"name\":\"Do IT Smart webshop\",\"url\":\"https:\/\/www.doitsmart.hu\/\",\"logo\":{\"@type\":\"ImageObject\",\"inLanguage\":\"hu\",\"@id\":\"https:\/\/www.doitsmart.hu\/#\/schema\/logo\/image\/\",\"url\":\"https:\/\/www.doitsmart.hu\/wp-content\/uploads\/2020\/10\/logo2.png\",\"contentUrl\":\"https:\/\/www.doitsmart.hu\/wp-content\/uploads\/2020\/10\/logo2.png\",\"width\":500,\"height\":500,\"caption\":\"Do IT Smart webshop\"},\"image\":{\"@id\":\"https:\/\/www.doitsmart.hu\/#\/schema\/logo\/image\/\"},\"sameAs\":[\"https:\/\/www.facebook.com\/doitsmartwebshop\"]}]}<\/script>\n<!-- \/ Yoast SEO plugin. -->","yoast_head_json":{"title":"\u00dcvegsz\u00e1las m\u0171anyag tengelykapcsol\u00f3 5mm\/8mm 3D nyomtat\u00f3hoz - Do IT Smart Webshop","description":"Do IT Smart Webshop","robots":{"index":"index","follow":"follow","max-snippet":"max-snippet:-1","max-image-preview":"max-image-preview:large","max-video-preview":"max-video-preview:-1"},"canonical":"https:\/\/www.doitsmart.hu\/index.php\/termek\/uvegszalas-muanyag-tengelykapcsolo-5mm-8mm-3d-nyomtatohoz\/","og_locale":"hu_HU","og_type":"article","og_title":"\u00dcvegsz\u00e1las m\u0171anyag tengelykapcsol\u00f3 5mm\/8mm 3D nyomtat\u00f3hoz - Do IT Smart Webshop","og_description":"Do IT Smart Webshop","og_url":"https:\/\/www.doitsmart.hu\/index.php\/termek\/uvegszalas-muanyag-tengelykapcsolo-5mm-8mm-3d-nyomtatohoz\/","og_site_name":"Do IT Smart Webshop","article_publisher":"https:\/\/www.facebook.com\/doitsmartwebshop","article_modified_time":"2025-11-04T17:40:06+00:00","og_image":[{"width":550,"height":550,"url":"https:\/\/www.doitsmart.hu\/wp-content\/uploads\/2023\/01\/Shaft-coupler-plastic-5x8-1.jpg","type":"image\/jpeg"}],"twitter_card":"summary_large_image","schema":{"@context":"https:\/\/schema.org","@graph":[{"@type":"WebPage","@id":"https:\/\/www.doitsmart.hu\/index.php\/termek\/uvegszalas-muanyag-tengelykapcsolo-5mm-8mm-3d-nyomtatohoz\/","url":"https:\/\/www.doitsmart.hu\/index.php\/termek\/uvegszalas-muanyag-tengelykapcsolo-5mm-8mm-3d-nyomtatohoz\/","name":"\u00dcvegsz\u00e1las m\u0171anyag tengelykapcsol\u00f3 5mm\/8mm 3D nyomtat\u00f3hoz - Do IT Smart Webshop","isPartOf":{"@id":"https:\/\/www.doitsmart.hu\/#website"},"primaryImageOfPage":{"@id":"https:\/\/www.doitsmart.hu\/index.php\/termek\/uvegszalas-muanyag-tengelykapcsolo-5mm-8mm-3d-nyomtatohoz\/#primaryimage"},"image":{"@id":"https:\/\/www.doitsmart.hu\/index.php\/termek\/uvegszalas-muanyag-tengelykapcsolo-5mm-8mm-3d-nyomtatohoz\/#primaryimage"},"thumbnailUrl":"https:\/\/www.doitsmart.hu\/wp-content\/uploads\/2023\/01\/Shaft-coupler-plastic-5x8-1.jpg","datePublished":"2023-01-16T14:02:40+00:00","dateModified":"2025-11-04T17:40:06+00:00","description":"Do IT Smart Webshop","breadcrumb":{"@id":"https:\/\/www.doitsmart.hu\/index.php\/termek\/uvegszalas-muanyag-tengelykapcsolo-5mm-8mm-3d-nyomtatohoz\/#breadcrumb"},"inLanguage":"hu","potentialAction":[{"@type":"ReadAction","target":["https:\/\/www.doitsmart.hu\/index.php\/termek\/uvegszalas-muanyag-tengelykapcsolo-5mm-8mm-3d-nyomtatohoz\/"]}]},{"@type":"ImageObject","inLanguage":"hu","@id":"https:\/\/www.doitsmart.hu\/index.php\/termek\/uvegszalas-muanyag-tengelykapcsolo-5mm-8mm-3d-nyomtatohoz\/#primaryimage","url":"https:\/\/www.doitsmart.hu\/wp-content\/uploads\/2023\/01\/Shaft-coupler-plastic-5x8-1.jpg","contentUrl":"https:\/\/www.doitsmart.hu\/wp-content\/uploads\/2023\/01\/Shaft-coupler-plastic-5x8-1.jpg","width":550,"height":550},{"@type":"BreadcrumbList","@id":"https:\/\/www.doitsmart.hu\/index.php\/termek\/uvegszalas-muanyag-tengelykapcsolo-5mm-8mm-3d-nyomtatohoz\/#breadcrumb","itemListElement":[{"@type":"ListItem","position":1,"name":"Kezd\u0151lap","item":"https:\/\/www.doitsmart.hu\/"},{"@type":"ListItem","position":2,"name":"Term\u00e9kek","item":"https:\/\/www.doitsmart.hu\/"},{"@type":"ListItem","position":3,"name":"\u00dcvegsz\u00e1las m\u0171anyag tengelykapcsol\u00f3 5mm\/8mm 3D nyomtat\u00f3hoz"}]},{"@type":"WebSite","@id":"https:\/\/www.doitsmart.hu\/#website","url":"https:\/\/www.doitsmart.hu\/","name":"Do IT Smart Webshop","description":"Csin\u00e1ld okosan - Tedd okoss\u00e1!","publisher":{"@id":"https:\/\/www.doitsmart.hu\/#organization"},"potentialAction":[{"@type":"SearchAction","target":{"@type":"EntryPoint","urlTemplate":"https:\/\/www.doitsmart.hu\/?s={search_term_string}"},"query-input":{"@type":"PropertyValueSpecification","valueRequired":true,"valueName":"search_term_string"}}],"inLanguage":"hu"},{"@type":"Organization","@id":"https:\/\/www.doitsmart.hu\/#organization","name":"Do IT Smart webshop","url":"https:\/\/www.doitsmart.hu\/","logo":{"@type":"ImageObject","inLanguage":"hu","@id":"https:\/\/www.doitsmart.hu\/#\/schema\/logo\/image\/","url":"https:\/\/www.doitsmart.hu\/wp-content\/uploads\/2020\/10\/logo2.png","contentUrl":"https:\/\/www.doitsmart.hu\/wp-content\/uploads\/2020\/10\/logo2.png","width":500,"height":500,"caption":"Do IT Smart webshop"},"image":{"@id":"https:\/\/www.doitsmart.hu\/#\/schema\/logo\/image\/"},"sameAs":["https:\/\/www.facebook.com\/doitsmartwebshop"]}]}},"_links":{"self":[{"href":"https:\/\/www.doitsmart.hu\/index.php\/wp-json\/wp\/v2\/product\/12429","targetHints":{"allow":["GET"]}}],"collection":[{"href":"https:\/\/www.doitsmart.hu\/index.php\/wp-json\/wp\/v2\/product"}],"about":[{"href":"https:\/\/www.doitsmart.hu\/index.php\/wp-json\/wp\/v2\/types\/product"}],"replies":[{"embeddable":true,"href":"https:\/\/www.doitsmart.hu\/index.php\/wp-json\/wp\/v2\/comments?post=12429"}],"wp:featuredmedia":[{"embeddable":true,"href":"https:\/\/www.doitsmart.hu\/index.php\/wp-json\/wp\/v2\/media\/12431"}],"wp:attachment":[{"href":"https:\/\/www.doitsmart.hu\/index.php\/wp-json\/wp\/v2\/media?parent=12429"}],"wp:term":[{"taxonomy":"product_brand","embeddable":true,"href":"https:\/\/www.doitsmart.hu\/index.php\/wp-json\/wp\/v2\/product_brand?post=12429"},{"taxonomy":"product_cat","embeddable":true,"href":"https:\/\/www.doitsmart.hu\/index.php\/wp-json\/wp\/v2\/product_cat?post=12429"},{"taxonomy":"product_tag","embeddable":true,"href":"https:\/\/www.doitsmart.hu\/index.php\/wp-json\/wp\/v2\/product_tag?post=12429"}],"curies":[{"name":"wp","href":"https:\/\/api.w.org\/{rel}","templated":true}]}}